{"id":2526,"date":"2021-12-08T10:06:06","date_gmt":"2021-12-08T10:06:06","guid":{"rendered":"https:\/\/www.fontankyvodotrysky.cz\/recenze\/?page_id=2526"},"modified":"2021-12-08T10:06:06","modified_gmt":"2021-12-08T10:06:06","slug":"pravidla-pouzivani-cookies","status":"publish","type":"page","link":"https:\/\/www.fontankyvodotrysky.cz\/recenze\/pravidla-pouzivani-cookies\/","title":{"rendered":"Pravidla pro pou\u017e\u00edv\u00e1n\u00ed cookies"},"content":{"rendered":"<div style=\"padding:0px 25px;\">\n<h2>Co jsou cookies?<\/h2>\n<p>Na tomto webu pou\u017e\u00edv\u00e1me tzv. cookies. Soubory cookie jsou jednoduch\u00e9 textov\u00e9 soubory, kter\u00e9 server webov\u00e9 str\u00e1nky ukl\u00e1d\u00e1 do va\u0161eho po\u010d\u00edta\u010de nebo mobiln\u00edho za\u0159\u00edzen\u00ed. Ka\u017ed\u00fd soubor cookie je jedine\u010dn\u00fd pro v\u00e1\u0161 webov\u00fd prohl\u00ed\u017ee\u010d. Obsahuje n\u011bkter\u00e9 anonymn\u00ed informace, jako je jedine\u010dn\u00fd identifik\u00e1tor, n\u00e1zev dom\u00e9ny webov\u00e9 str\u00e1nky a n\u011bkolik \u010d\u00edslic a \u010d\u00edsel. Proto\u017ee v\u00edme, \u017ee cookies mohou b\u00fdt pro u\u017eivatele choulostiv\u00e9, v\u017edy se \u0159\u00edd\u00edme z\u00e1sadami, kter\u00e9 n\u00e1m stanovuje z\u00e1kon. V r\u00e1mci cookies z na\u0161\u00ed strany nezpracov\u00e1v\u00e1me osobn\u00ed \u00fadaje.<\/p>\n<h2>Pro\u010d cookies pou\u017e\u00edv\u00e1me?<\/h2>\n<p>Soubory cookie jsou d\u016fle\u017eit\u00e9. Bez nich by proch\u00e1zen\u00ed webu bylo mnohem slo\u017eit\u011bj\u0161\u00ed. Pou\u017e\u00edv\u00e1me je nap\u0159\u00edklad k ukl\u00e1d\u00e1n\u00ed va\u0161ich nastaven\u00ed bezpe\u010dn\u00e9ho vyhled\u00e1v\u00e1n\u00ed, k v\u00fdb\u011bru relevantn\u00edch reklam, ke sledov\u00e1n\u00ed po\u010dtu n\u00e1v\u0161t\u011bvn\u00edk\u016f na str\u00e1nce, k usnadn\u011bn\u00ed registrace nov\u00fdch slu\u017eeb a k ochran\u011b va\u0161ich dat. Jestli\u017ee si nap\u0159. p\u0159izp\u016fsob\u00edte webovou str\u00e1nku nebo budete proch\u00e1zet webem, soubor cookie p\u0159i n\u00e1sleduj\u00edc\u00edch n\u00e1v\u0161t\u011bv\u00e1ch p\u0159ipomene webu specifick\u00e9 informace o Va\u0161ich preferenc\u00edch. To zjednodu\u0161uje proces zobrazov\u00e1n\u00ed relevantn\u00edho obsahu, usnad\u0148uje navigaci na webu atd. Jakmile se na webov\u00fd server vr\u00e1t\u00edte, mohou b\u00fdt d\u0159\u00edve zadan\u00e9 informace na\u010dteny, abyste mohli snadn\u011bji pou\u017e\u00edvat funkce webu, kter\u00e9 jste si ji\u017e p\u0159izp\u016fsobili. Soubory cookie relace v po\u010d\u00edta\u010di po zav\u0159en\u00ed va\u0161eho prohl\u00ed\u017ee\u010de nez\u016fst\u00e1vaj\u00ed. Trval\u00e9 soubory cookie z\u016fst\u00e1vaj\u00ed v po\u010d\u00edta\u010di, dokud je neodstran\u00edte nebo dokud neskon\u010d\u00ed jejich platnost.<\/p>\n<p>Cookies pou\u017e\u00edv\u00e1me tak\u00e9 pro marketingov\u00e9 \u00fa\u010dely prost\u0159ednictv\u00edm na\u0161ich partner\u016f (jako jsou <a href=\"https:\/\/www.google.com\/adsense\" target=\"_blank\" rel=\"noopener noreferrer\">Google<\/a>. V prost\u0159ed\u00ed internetu v\u00e1m pak m\u016f\u017eeme nap\u0159\u00edklad uk\u00e1zat ty produkty, kter\u00e9 se v\u00e1m u n\u00e1s l\u00edbily, a pr\u00e1v\u011b prost\u0159ednictv\u00edm partner\u016f v\u00e1m serv\u00edrovat co nejrelevantn\u011bj\u0161\u00ed reklamu. Cookies t\u0159et\u00edch stran (zpracov\u00e1van\u00e9 zpravidla pro marketingov\u00e9 \u00fa\u010dely) a pou\u017eit\u00ed \u00fadaj\u016f, kter\u00e9 shroma\u017e\u010fuj\u00ed, se \u0159\u00edd\u00ed dokumenty p\u0159\u00edslu\u0161n\u00fdch t\u0159et\u00edch stran. T\u0159et\u00ed strany mohou informace, kter\u00e9 prost\u0159ednictv\u00edm cookies z\u00edskaj\u00ed, pou\u017e\u00edt s dal\u0161\u00edmi informacemi, kter\u00e9 z\u00edskaj\u00ed v d\u016fsledku toho, \u017ee pou\u017e\u00edv\u00e1te jejich slu\u017eby, a m\u016f\u017ee se tak jednat o zpracov\u00e1n\u00ed osobn\u00edch \u00fadaj\u016f z jejich strany.<\/p>\n<p>Dodavatel\u00e9 t\u0159et\u00edch stran v\u010detn\u011b spole\u010dnosti Google pou\u017e\u00edvaj\u00ed soubory cookie k zobrazov\u00e1n\u00ed reklam na z\u00e1klad\u011b p\u0159edchoz\u00edch n\u00e1v\u0161t\u011bv u\u017eivatele na dan\u00e9m webu nebo jin\u00fdch webech.<\/p>\n<p>D\u00edky soubor\u016fm cookie m\u016f\u017ee spole\u010dnost Google a jej\u00ed partne\u0159i zobrazovat reklamy u\u017eivatel\u016fm na z\u00e1klad\u011b jejich n\u00e1v\u0161t\u011bv na va\u0161ich webov\u00fdch str\u00e1nk\u00e1ch a dal\u0161\u00edch str\u00e1nk\u00e1ch na internetu.<\/p>\n<p>Personalizovanou inzerci si m\u016f\u017eete odhl\u00e1sit pomoc\u00ed <a href=\"https:\/\/adssettings.google.com\/authenticated\" target=\"_blank\" rel=\"noopener noreferrer\">nastaven\u00ed reklam<\/a>. Na webu <a href=\"https:\/\/optout.aboutads.info\" target=\"_blank\" rel=\"noopener noreferrer\">www.aboutads.info<\/a> si m\u016f\u017eete odhl\u00e1sit pou\u017e\u00edv\u00e1n\u00ed soubor\u016f cookie pro personalizovan\u00e9 reklamy, kter\u00e9 poch\u00e1zej\u00ed od dodavatel\u016f inzerce t\u0159et\u00edch stran.<\/p>\n<h2>Jak\u00e9 druhy cookies pou\u017e\u00edv\u00e1me?<\/h2>\n<p>Na tomto webu pou\u017e\u00edv\u00e1me vlastn\u00ed cookies a tak\u00e9 tzv. cookies t\u0159et\u00edch stran na\u0161ich marketingov\u00fdch partner\u016f. Cookies d\u011bl\u00edme na tyto z\u00e1kladn\u00ed typy:<\/p>\n<ul>\n<li><b>Technick\u00e9<\/b> \u2013 tyto cookies umo\u017e\u0148uj\u00ed z\u00e1kladn\u00ed bezprobl\u00e9mov\u00e9 fungov\u00e1n\u00ed webu.<\/li>\n<li><b>Analytick\u00e9<\/b> \u2013 dovoluj\u00ed n\u00e1m vyhodnocovat n\u00e1v\u0161t\u011bvnost webu, abychom mohli vylep\u0161ovat obsah a funkce str\u00e1nek a slu\u017eby pro na\u0161e u\u017eivatele.<\/li>\n<li><b>Marketingov\u00e9<\/b> \u2013 tento typ cookies slou\u017e\u00ed k tomu, aby na\u0161im u\u017eivatel\u016fm byla ukazov\u00e1na co nejrelevantn\u011bj\u0161\u00ed reklama dle jejich interakce s na\u0161imi str\u00e1nkami.<\/li>\n<\/ul>\n<h2>Souhlas s ukl\u00e1d\u00e1n\u00edm cookies a jeho odvol\u00e1n\u00ed<\/h2>\n<p>Souhlas s ukl\u00e1d\u00e1n\u00edm cookies od v\u00e1s z\u00edsk\u00e1v\u00e1me prost\u0159ednictv\u00edm tzv. \u201ecookie li\u0161ty\u201c. Zde si m\u016f\u017eete navolit va\u0161e preference pro ukl\u00e1d\u00e1n\u00ed cookies, kter\u00e9 budeme pln\u011b respektovat.<\/p>\n<p>Pokud byste cht\u011bli souhlas odvolat, m\u00e1te na to samoz\u0159ejm\u011b kdykoli pr\u00e1vo. Provedete to nap\u0159\u00edklad tak, \u017ee ulo\u017een\u00e9 soubory cookies odstran\u00edte z historie va\u0161eho prohl\u00ed\u017ee\u010de a n\u00e1sledn\u011b zak\u00e1\u017eete ukl\u00e1d\u00e1n\u00ed cookies pro konkr\u00e9tn\u00ed web.<\/p>\n<h2>Jak ukl\u00e1d\u00e1n\u00ed cookies zak\u00e1zat?<\/h2>\n<p>Nastaven\u00ed cookies si m\u016f\u017eete zkontrolovat p\u0159\u00edmo ve va\u0161em prohl\u00ed\u017ee\u010di. Ukl\u00e1d\u00e1n\u00ed cookies m\u016f\u017eete tak\u00e9 jednodu\u0161e zcela zak\u00e1zat pro v\u0161echny \u010di jednotliv\u00e9 weby. Jen pozor na to, \u017ee v\u00e1m webov\u00e9 str\u00e1nky pak nemus\u00ed fungovat spr\u00e1vn\u011b.<\/p>\n<p>N\u00e1vod pro nejroz\u0161\u00ed\u0159en\u011bj\u0161\u00ed webov\u00e9 prohl\u00ed\u017ee\u010de naleznete zde:<\/p>\n<ul>\n<li><a href=\"https:\/\/support.google.com\/accounts\/answer\/61416?hl=cs\" target=\"_blank\" rel=\"noopener noreferrer\">Google Chrome<\/a><\/li>\n<li><a href=\"https:\/\/support.mozilla.org\/cs\/kb\/blokovani-cookies\" target=\"_blank\" rel=\"noopener noreferrer\">Firefox<\/a><\/li>\n<li><a href=\"https:\/\/support.microsoft.com\/cs-cz\/windows\/odstran%C4%9Bn%C3%AD-a-spr%C3%A1va-soubor%C5%AF-cookie-168dab11-0753-043d-7c16-ede5947fc64d\" target=\"_blank\" rel=\"noopener noreferrer\">Microsoft Edge<\/a> \/ <a href=\"https:\/\/support.microsoft.com\/cs-cz\/windows\/odstran%C4%9Bn%C3%AD-a-spr%C3%A1va-soubor%C5%AF-cookie-168dab11-0753-043d-7c16-ede5947fc64d\" target=\"_blank\" rel=\"noopener noreferrer\">Internet explorer<\/a><\/li>\n<li><a href=\"https:\/\/support.apple.com\/cs-cz\/guide\/safari\/sfri11471\/mac\" target=\"_blank\" rel=\"noopener noreferrer\">Safari<\/a><\/li>\n<\/ul>\n<\/div>\n","protected":false},"excerpt":{"rendered":"","protected":false},"author":2,"featured_media":0,"parent":0,"menu_order":0,"comment_status":"closed","ping_status":"closed","template":"","meta":[],"tags":[],"_links":{"self":[{"href":"https:\/\/www.fontankyvodotrysky.cz\/recenze\/wp-json\/wp\/v2\/pages\/2526"}],"collection":[{"href":"https:\/\/www.fontankyvodotrysky.cz\/recenze\/wp-json\/wp\/v2\/pages"}],"about":[{"href":"https:\/\/www.fontankyvodotrysky.cz\/recenze\/wp-json\/wp\/v2\/types\/page"}],"author":[{"embeddable":true,"href":"https:\/\/www.fontankyvodotrysky.cz\/recenze\/wp-json\/wp\/v2\/users\/2"}],"replies":[{"embeddable":true,"href":"https:\/\/www.fontankyvodotrysky.cz\/recenze\/wp-json\/wp\/v2\/comments?post=2526"}],"version-history":[{"count":0,"href":"https:\/\/www.fontankyvodotrysky.cz\/recenze\/wp-json\/wp\/v2\/pages\/2526\/revisions"}],"wp:attachment":[{"href":"https:\/\/www.fontankyvodotrysky.cz\/recenze\/wp-json\/wp\/v2\/media?parent=2526"}],"wp:term":[{"taxonomy":"post_tag","embeddable":true,"href":"https:\/\/www.fontankyvodotrysky.cz\/recenze\/wp-json\/wp\/v2\/tags?post=2526"}],"curies":[{"name":"wp","href":"https:\/\/api.w.org\/{rel}","templated":true}]}}